{"id":4970,"date":"2023-09-20T13:52:33","date_gmt":"2023-09-20T13:52:33","guid":{"rendered":"https:\/\/www.idpcc.pt\/?page_id=4970"},"modified":"2023-09-20T17:35:37","modified_gmt":"2023-09-20T17:35:37","slug":"1st-research-award-professor-doutor-augusto-silva-dias","status":"publish","type":"page","link":"https:\/\/www.idpcc.pt\/en\/research-award-professor-doutor-augusto-silva-dias\/1st-research-award-professor-doutor-augusto-silva-dias\/","title":{"rendered":"1st edition 2021"},"content":{"rendered":"<p style=\"text-align: left;\">The Research Award Professor Augusto Silva Dias (PIASD) is instituted by the Institute of Criminal Law and Criminal Sciences (IDPCC) and by the Criminal Law and Criminal Sciences Research Center (CIDPCC), both affiliated to the University of Lisbon School of Law, in partnership with the Academic Association of the Faculty of Law of Lisbon (AAFDL), to honor the scientific and human legacy of Professor Doctor Augusto Silva Dias, in order to promote research and study on the themes of Criminal Law, Procedural Law Criminal, Probationary Criminal Law, Criminal Policy, Criminology, Administrative Law and Philosophy of Law.<\/p>\n<p style=\"text-align: left;\"><img loading=\"lazy\" decoding=\"async\" class=\"size-medium wp-image-3482 alignright\" src=\"https:\/\/www.idpcc.pt\/wp-content\/uploads\/2021\/05\/Post_I-Edicao-Premio-Investigacao-2021-03-300x300.png\" alt=\"\" width=\"300\" height=\"300\" srcset=\"https:\/\/www.idpcc.pt\/wp-content\/uploads\/2021\/05\/Post_I-Edicao-Premio-Investigacao-2021-03-300x300.png 300w, https:\/\/www.idpcc.pt\/wp-content\/uploads\/2021\/05\/Post_I-Edicao-Premio-Investigacao-2021-03-1024x1024.png 1024w, https:\/\/www.idpcc.pt\/wp-content\/uploads\/2021\/05\/Post_I-Edicao-Premio-Investigacao-2021-03-150x150.png 150w, https:\/\/www.idpcc.pt\/wp-content\/uploads\/2021\/05\/Post_I-Edicao-Premio-Investigacao-2021-03-768x768.png 768w, https:\/\/www.idpcc.pt\/wp-content\/uploads\/2021\/05\/Post_I-Edicao-Premio-Investigacao-2021-03.png 1080w\" sizes=\"auto, (max-width: 300px) 100vw, 300px\" \/><\/p>\n<p>&nbsp;<\/p>\n<p>1st Edition Selection Panel composition:<\/p>\n<p>Maria Fernanda Palma (FDUL\/IDPCC\/CIDPCC)<br \/>\nOctavio Garc\u00eda P\u00e9rez (University of M\u00e1laga)<br \/>\nM\u00e1rio Monte (University of Minho)<br \/>\nIn\u00eas Ferreira Leite (FDUL\/IDPCC\/CIDPCC)<br \/>\nTeresa Quintela de Brito (FDUL\/IDPCC\/CIDPCC)<\/p>\n<p><strong><span style=\"color: #000000;\">The jury met on June 1, 2022, having decided to award the prize in the category scientific article to the work entitled \u201cThe Crimes, the Frauds and the Swindles of the Subprime Crisis\u201d, by Jos\u00e9 Ricardo Marcondes.<\/span><\/strong><\/p>\n<p>No prize was awarded in the category monograph.<\/p>\n","protected":false},"excerpt":{"rendered":"<p>The Research Award Professor Augusto Silva Dias (PIASD) is instituted by the Institute of Criminal Law and Criminal Sciences (IDPCC) and by the Criminal Law and Criminal Sciences Research Center (CIDPCC), both affiliated to the University of Lisbon School of Law, in partnership with the Academic Association of the Faculty of Law of Lisbon (AAFDL), [&hellip;]<\/p>\n","protected":false},"author":2,"featured_media":0,"parent":2812,"menu_order":0,"comment_status":"closed","ping_status":"closed","template":"template-texto.php","meta":{"_acf_changed":false,"footnotes":""},"class_list":["post-4970","page","type-page","status-publish","hentry"],"acf":[],"yoast_head":"<!-- This site is optimized with the Yoast SEO plugin v27.4 - https:\/\/yoast.com\/product\/yoast-seo-wordpress\/ -->\n<title>1st edition 2021 - IDPCC<\/title>\n<meta name=\"robots\" content=\"index, follow, max-snippet:-1, max-image-preview:large, max-video-preview:-1\" \/>\n<link rel=\"canonical\" href=\"https:\/\/www.idpcc.pt\/en\/research-award-professor-doutor-augusto-silva-dias\/1st-research-award-professor-doutor-augusto-silva-dias\/\" \/>\n<meta property=\"og:locale\" content=\"en_US\" \/>\n<meta property=\"og:type\" content=\"article\" \/>\n<meta property=\"og:title\" content=\"1st edition 2021 - IDPCC\" \/>\n<meta property=\"og:description\" content=\"The Research Award Professor Augusto Silva Dias (PIASD) is instituted by the Institute of Criminal Law and Criminal Sciences (IDPCC) and by the Criminal Law and Criminal Sciences Research Center (CIDPCC), both affiliated to the University of Lisbon School of Law, in partnership with the Academic Association of the Faculty of Law of Lisbon (AAFDL), [&hellip;]\" \/>\n<meta property=\"og:url\" content=\"https:\/\/www.idpcc.pt\/en\/research-award-professor-doutor-augusto-silva-dias\/1st-research-award-professor-doutor-augusto-silva-dias\/\" \/>\n<meta property=\"og:site_name\" content=\"IDPCC\" \/>\n<meta property=\"article:modified_time\" content=\"2023-09-20T17:35:37+00:00\" \/>\n<meta property=\"og:image\" content=\"https:\/\/www.idpcc.pt\/wp-content\/uploads\/2021\/05\/Post_I-Edicao-Premio-Investigacao-2021-03-300x300.png\" \/>\n<meta name=\"twitter:card\" content=\"summary_large_image\" \/>\n<script type=\"application\/ld+json\" class=\"yoast-schema-graph\">{\"@context\":\"https:\\\/\\\/schema.org\",\"@graph\":[{\"@type\":\"WebPage\",\"@id\":\"https:\\\/\\\/www.idpcc.pt\\\/en\\\/research-award-professor-doutor-augusto-silva-dias\\\/1st-research-award-professor-doutor-augusto-silva-dias\\\/\",\"url\":\"https:\\\/\\\/www.idpcc.pt\\\/en\\\/research-award-professor-doutor-augusto-silva-dias\\\/1st-research-award-professor-doutor-augusto-silva-dias\\\/\",\"name\":\"1st edition 2021 - IDPCC\",\"isPartOf\":{\"@id\":\"https:\\\/\\\/www.idpcc.pt\\\/#website\"},\"primaryImageOfPage\":{\"@id\":\"https:\\\/\\\/www.idpcc.pt\\\/en\\\/research-award-professor-doutor-augusto-silva-dias\\\/1st-research-award-professor-doutor-augusto-silva-dias\\\/#primaryimage\"},\"image\":{\"@id\":\"https:\\\/\\\/www.idpcc.pt\\\/en\\\/research-award-professor-doutor-augusto-silva-dias\\\/1st-research-award-professor-doutor-augusto-silva-dias\\\/#primaryimage\"},\"thumbnailUrl\":\"https:\\\/\\\/www.idpcc.pt\\\/wp-content\\\/uploads\\\/2021\\\/05\\\/Post_I-Edicao-Premio-Investigacao-2021-03-300x300.png\",\"datePublished\":\"2023-09-20T13:52:33+00:00\",\"dateModified\":\"2023-09-20T17:35:37+00:00\",\"breadcrumb\":{\"@id\":\"https:\\\/\\\/www.idpcc.pt\\\/en\\\/research-award-professor-doutor-augusto-silva-dias\\\/1st-research-award-professor-doutor-augusto-silva-dias\\\/#breadcrumb\"},\"inLanguage\":\"en-US\",\"potentialAction\":[{\"@type\":\"ReadAction\",\"target\":[\"https:\\\/\\\/www.idpcc.pt\\\/en\\\/research-award-professor-doutor-augusto-silva-dias\\\/1st-research-award-professor-doutor-augusto-silva-dias\\\/\"]}]},{\"@type\":\"ImageObject\",\"inLanguage\":\"en-US\",\"@id\":\"https:\\\/\\\/www.idpcc.pt\\\/en\\\/research-award-professor-doutor-augusto-silva-dias\\\/1st-research-award-professor-doutor-augusto-silva-dias\\\/#primaryimage\",\"url\":\"https:\\\/\\\/www.idpcc.pt\\\/wp-content\\\/uploads\\\/2021\\\/05\\\/Post_I-Edicao-Premio-Investigacao-2021-03-300x300.png\",\"contentUrl\":\"https:\\\/\\\/www.idpcc.pt\\\/wp-content\\\/uploads\\\/2021\\\/05\\\/Post_I-Edicao-Premio-Investigacao-2021-03-300x300.png\"},{\"@type\":\"BreadcrumbList\",\"@id\":\"https:\\\/\\\/www.idpcc.pt\\\/en\\\/research-award-professor-doutor-augusto-silva-dias\\\/1st-research-award-professor-doutor-augusto-silva-dias\\\/#breadcrumb\",\"itemListElement\":[{\"@type\":\"ListItem\",\"position\":1,\"name\":\"In\u00edcio\",\"item\":\"https:\\\/\\\/www.idpcc.pt\\\/en\\\/\"},{\"@type\":\"ListItem\",\"position\":2,\"name\":\"Research Award Professor Doutor Augusto Silva Dias\",\"item\":\"https:\\\/\\\/www.idpcc.pt\\\/en\\\/research-award-professor-doutor-augusto-silva-dias\\\/\"},{\"@type\":\"ListItem\",\"position\":3,\"name\":\"1st edition 2021\"}]},{\"@type\":\"WebSite\",\"@id\":\"https:\\\/\\\/www.idpcc.pt\\\/#website\",\"url\":\"https:\\\/\\\/www.idpcc.pt\\\/\",\"name\":\"IDPCC\",\"description\":\"Instituto de Direito Penal e Ci\u00eancias Criminais\",\"publisher\":{\"@id\":\"https:\\\/\\\/www.idpcc.pt\\\/#organization\"},\"potentialAction\":[{\"@type\":\"SearchAction\",\"target\":{\"@type\":\"EntryPoint\",\"urlTemplate\":\"https:\\\/\\\/www.idpcc.pt\\\/?s={search_term_string}\"},\"query-input\":{\"@type\":\"PropertyValueSpecification\",\"valueRequired\":true,\"valueName\":\"search_term_string\"}}],\"inLanguage\":\"en-US\"},{\"@type\":\"Organization\",\"@id\":\"https:\\\/\\\/www.idpcc.pt\\\/#organization\",\"name\":\"IDPCC\",\"url\":\"https:\\\/\\\/www.idpcc.pt\\\/\",\"logo\":{\"@type\":\"ImageObject\",\"inLanguage\":\"en-US\",\"@id\":\"https:\\\/\\\/www.idpcc.pt\\\/#\\\/schema\\\/logo\\\/image\\\/\",\"url\":\"https:\\\/\\\/www.idpcc.pt\\\/wp-content\\\/uploads\\\/2020\\\/05\\\/idpcc-logo.jpg\",\"contentUrl\":\"https:\\\/\\\/www.idpcc.pt\\\/wp-content\\\/uploads\\\/2020\\\/05\\\/idpcc-logo.jpg\",\"width\":167,\"height\":88,\"caption\":\"IDPCC\"},\"image\":{\"@id\":\"https:\\\/\\\/www.idpcc.pt\\\/#\\\/schema\\\/logo\\\/image\\\/\"}}]}<\/script>\n<!-- \/ Yoast SEO plugin. -->","yoast_head_json":{"title":"1st edition 2021 - IDPCC","robots":{"index":"index","follow":"follow","max-snippet":"max-snippet:-1","max-image-preview":"max-image-preview:large","max-video-preview":"max-video-preview:-1"},"canonical":"https:\/\/www.idpcc.pt\/en\/research-award-professor-doutor-augusto-silva-dias\/1st-research-award-professor-doutor-augusto-silva-dias\/","og_locale":"en_US","og_type":"article","og_title":"1st edition 2021 - IDPCC","og_description":"The Research Award Professor Augusto Silva Dias (PIASD) is instituted by the Institute of Criminal Law and Criminal Sciences (IDPCC) and by the Criminal Law and Criminal Sciences Research Center (CIDPCC), both affiliated to the University of Lisbon School of Law, in partnership with the Academic Association of the Faculty of Law of Lisbon (AAFDL), [&hellip;]","og_url":"https:\/\/www.idpcc.pt\/en\/research-award-professor-doutor-augusto-silva-dias\/1st-research-award-professor-doutor-augusto-silva-dias\/","og_site_name":"IDPCC","article_modified_time":"2023-09-20T17:35:37+00:00","og_image":[{"url":"https:\/\/www.idpcc.pt\/wp-content\/uploads\/2021\/05\/Post_I-Edicao-Premio-Investigacao-2021-03-300x300.png","type":"","width":"","height":""}],"twitter_card":"summary_large_image","schema":{"@context":"https:\/\/schema.org","@graph":[{"@type":"WebPage","@id":"https:\/\/www.idpcc.pt\/en\/research-award-professor-doutor-augusto-silva-dias\/1st-research-award-professor-doutor-augusto-silva-dias\/","url":"https:\/\/www.idpcc.pt\/en\/research-award-professor-doutor-augusto-silva-dias\/1st-research-award-professor-doutor-augusto-silva-dias\/","name":"1st edition 2021 - IDPCC","isPartOf":{"@id":"https:\/\/www.idpcc.pt\/#website"},"primaryImageOfPage":{"@id":"https:\/\/www.idpcc.pt\/en\/research-award-professor-doutor-augusto-silva-dias\/1st-research-award-professor-doutor-augusto-silva-dias\/#primaryimage"},"image":{"@id":"https:\/\/www.idpcc.pt\/en\/research-award-professor-doutor-augusto-silva-dias\/1st-research-award-professor-doutor-augusto-silva-dias\/#primaryimage"},"thumbnailUrl":"https:\/\/www.idpcc.pt\/wp-content\/uploads\/2021\/05\/Post_I-Edicao-Premio-Investigacao-2021-03-300x300.png","datePublished":"2023-09-20T13:52:33+00:00","dateModified":"2023-09-20T17:35:37+00:00","breadcrumb":{"@id":"https:\/\/www.idpcc.pt\/en\/research-award-professor-doutor-augusto-silva-dias\/1st-research-award-professor-doutor-augusto-silva-dias\/#breadcrumb"},"inLanguage":"en-US","potentialAction":[{"@type":"ReadAction","target":["https:\/\/www.idpcc.pt\/en\/research-award-professor-doutor-augusto-silva-dias\/1st-research-award-professor-doutor-augusto-silva-dias\/"]}]},{"@type":"ImageObject","inLanguage":"en-US","@id":"https:\/\/www.idpcc.pt\/en\/research-award-professor-doutor-augusto-silva-dias\/1st-research-award-professor-doutor-augusto-silva-dias\/#primaryimage","url":"https:\/\/www.idpcc.pt\/wp-content\/uploads\/2021\/05\/Post_I-Edicao-Premio-Investigacao-2021-03-300x300.png","contentUrl":"https:\/\/www.idpcc.pt\/wp-content\/uploads\/2021\/05\/Post_I-Edicao-Premio-Investigacao-2021-03-300x300.png"},{"@type":"BreadcrumbList","@id":"https:\/\/www.idpcc.pt\/en\/research-award-professor-doutor-augusto-silva-dias\/1st-research-award-professor-doutor-augusto-silva-dias\/#breadcrumb","itemListElement":[{"@type":"ListItem","position":1,"name":"In\u00edcio","item":"https:\/\/www.idpcc.pt\/en\/"},{"@type":"ListItem","position":2,"name":"Research Award Professor Doutor Augusto Silva Dias","item":"https:\/\/www.idpcc.pt\/en\/research-award-professor-doutor-augusto-silva-dias\/"},{"@type":"ListItem","position":3,"name":"1st edition 2021"}]},{"@type":"WebSite","@id":"https:\/\/www.idpcc.pt\/#website","url":"https:\/\/www.idpcc.pt\/","name":"IDPCC","description":"Instituto de Direito Penal e Ci\u00eancias Criminais","publisher":{"@id":"https:\/\/www.idpcc.pt\/#organization"},"potentialAction":[{"@type":"SearchAction","target":{"@type":"EntryPoint","urlTemplate":"https:\/\/www.idpcc.pt\/?s={search_term_string}"},"query-input":{"@type":"PropertyValueSpecification","valueRequired":true,"valueName":"search_term_string"}}],"inLanguage":"en-US"},{"@type":"Organization","@id":"https:\/\/www.idpcc.pt\/#organization","name":"IDPCC","url":"https:\/\/www.idpcc.pt\/","logo":{"@type":"ImageObject","inLanguage":"en-US","@id":"https:\/\/www.idpcc.pt\/#\/schema\/logo\/image\/","url":"https:\/\/www.idpcc.pt\/wp-content\/uploads\/2020\/05\/idpcc-logo.jpg","contentUrl":"https:\/\/www.idpcc.pt\/wp-content\/uploads\/2020\/05\/idpcc-logo.jpg","width":167,"height":88,"caption":"IDPCC"},"image":{"@id":"https:\/\/www.idpcc.pt\/#\/schema\/logo\/image\/"}}]}},"_links":{"self":[{"href":"https:\/\/www.idpcc.pt\/en\/wp-json\/wp\/v2\/pages\/4970","targetHints":{"allow":["GET"]}}],"collection":[{"href":"https:\/\/www.idpcc.pt\/en\/wp-json\/wp\/v2\/pages"}],"about":[{"href":"https:\/\/www.idpcc.pt\/en\/wp-json\/wp\/v2\/types\/page"}],"author":[{"embeddable":true,"href":"https:\/\/www.idpcc.pt\/en\/wp-json\/wp\/v2\/users\/2"}],"replies":[{"embeddable":true,"href":"https:\/\/www.idpcc.pt\/en\/wp-json\/wp\/v2\/comments?post=4970"}],"version-history":[{"count":7,"href":"https:\/\/www.idpcc.pt\/en\/wp-json\/wp\/v2\/pages\/4970\/revisions"}],"predecessor-version":[{"id":4983,"href":"https:\/\/www.idpcc.pt\/en\/wp-json\/wp\/v2\/pages\/4970\/revisions\/4983"}],"up":[{"embeddable":true,"href":"https:\/\/www.idpcc.pt\/en\/wp-json\/wp\/v2\/pages\/2812"}],"wp:attachment":[{"href":"https:\/\/www.idpcc.pt\/en\/wp-json\/wp\/v2\/media?parent=4970"}],"curies":[{"name":"wp","href":"https:\/\/api.w.org\/{rel}","templated":true}]}}