{"id":6663,"date":"2026-04-01T14:52:55","date_gmt":"2026-04-01T14:52:55","guid":{"rendered":"https:\/\/www.idpcc.pt\/?page_id=6663"},"modified":"2026-04-01T15:39:14","modified_gmt":"2026-04-01T15:39:14","slug":"3rd-research-award-professor-doutor-augusto-silva-dia","status":"publish","type":"page","link":"https:\/\/www.idpcc.pt\/en\/research-award-professor-doutor-augusto-silva-dias\/3rd-research-award-professor-doutor-augusto-silva-dia\/","title":{"rendered":"3rd edition 2026"},"content":{"rendered":"<p>The Research Award Professor Augusto Silva Dias (PIASD) is instituted by the Institute of Criminal Law and Criminal Sciences (IDPCC) and by the Criminal Law and Criminal Sciences Research Center (CIDPCC), both affiliated to the University of Lisbon School of Law, in partnership with the Academic Association of the Faculty of Law of Lisbon (AAFDL), to honor the scientific and human legacy of Professor Doctor Augusto Silva Dias, in order to promote research and study on the themes of Criminal Law, Procedural Law Criminal, Probationary Criminal Law, Criminal Policy, Criminology, Administrative Law and Philosophy of Law.<\/p>\n<p>3rd Edition Selection Panel composition:<\/p>\n<p>Catarina Abeg\u00e3o Alves (FDUL)<br \/>\nProf. Doutor Jos\u00e9 Luis D\u00edez Ripoll\u00e9s (University M\u00e1laga)<br \/>\nProf. Dr Maria Fernanda Palma (FDUL)<br \/>\nProf. Dr Maria Jo\u00e3o Antunes (University Coimbra)<br \/>\nProf. Dr Ricardo Tavares da Silva (FDUL)<\/p>\n<p>The Award Rules are available in Portuguese <a href=\"https:\/\/www.idpcc.pt\/wp-content\/uploads\/2021\/05\/Regulamento-Premio-Versao-Final-21.01.2021.pdf\">here<\/a>.<\/p>\n<p>Applications can be submitted until October 31, 2026.<\/p>\n","protected":false},"excerpt":{"rendered":"<p>The Research Award Professor Augusto Silva Dias (PIASD) is instituted by the Institute of Criminal Law and Criminal Sciences (IDPCC) and by the Criminal Law and Criminal Sciences Research Center (CIDPCC), both affiliated to the University of Lisbon School of Law, in partnership with the Academic Association of the Faculty of Law of Lisbon (AAFDL), [&hellip;]<\/p>\n","protected":false},"author":2,"featured_media":3482,"parent":2812,"menu_order":3,"comment_status":"closed","ping_status":"closed","template":"template-texto.php","meta":{"_acf_changed":false,"footnotes":""},"class_list":["post-6663","page","type-page","status-publish","has-post-thumbnail","hentry"],"acf":[],"yoast_head":"<!-- This site is optimized with the Yoast SEO plugin v27.4 - https:\/\/yoast.com\/product\/yoast-seo-wordpress\/ -->\n<title>3rd edition 2026 - IDPCC<\/title>\n<meta name=\"robots\" content=\"index, follow, max-snippet:-1, max-image-preview:large, max-video-preview:-1\" \/>\n<link rel=\"canonical\" href=\"https:\/\/www.idpcc.pt\/en\/research-award-professor-doutor-augusto-silva-dias\/3rd-research-award-professor-doutor-augusto-silva-dia\/\" \/>\n<meta property=\"og:locale\" content=\"en_US\" \/>\n<meta property=\"og:type\" content=\"article\" \/>\n<meta property=\"og:title\" content=\"3rd edition 2026 - IDPCC\" \/>\n<meta property=\"og:description\" content=\"The Research Award Professor Augusto Silva Dias (PIASD) is instituted by the Institute of Criminal Law and Criminal Sciences (IDPCC) and by the Criminal Law and Criminal Sciences Research Center (CIDPCC), both affiliated to the University of Lisbon School of Law, in partnership with the Academic Association of the Faculty of Law of Lisbon (AAFDL), [&hellip;]\" \/>\n<meta property=\"og:url\" content=\"https:\/\/www.idpcc.pt\/en\/research-award-professor-doutor-augusto-silva-dias\/3rd-research-award-professor-doutor-augusto-silva-dia\/\" \/>\n<meta property=\"og:site_name\" content=\"IDPCC\" \/>\n<meta property=\"article:modified_time\" content=\"2026-04-01T15:39:14+00:00\" \/>\n<meta property=\"og:image\" content=\"https:\/\/www.idpcc.pt\/wp-content\/uploads\/2021\/05\/Post_I-Edicao-Premio-Investigacao-2021-03.png\" \/>\n\t<meta property=\"og:image:width\" content=\"1080\" \/>\n\t<meta property=\"og:image:height\" content=\"1080\" \/>\n\t<meta property=\"og:image:type\" content=\"image\/png\" \/>\n<meta name=\"twitter:card\" content=\"summary_large_image\" \/>\n<script type=\"application\/ld+json\" class=\"yoast-schema-graph\">{\"@context\":\"https:\\\/\\\/schema.org\",\"@graph\":[{\"@type\":\"WebPage\",\"@id\":\"https:\\\/\\\/www.idpcc.pt\\\/en\\\/research-award-professor-doutor-augusto-silva-dias\\\/3rd-research-award-professor-doutor-augusto-silva-dia\\\/\",\"url\":\"https:\\\/\\\/www.idpcc.pt\\\/en\\\/research-award-professor-doutor-augusto-silva-dias\\\/3rd-research-award-professor-doutor-augusto-silva-dia\\\/\",\"name\":\"3rd edition 2026 - IDPCC\",\"isPartOf\":{\"@id\":\"https:\\\/\\\/www.idpcc.pt\\\/#website\"},\"primaryImageOfPage\":{\"@id\":\"https:\\\/\\\/www.idpcc.pt\\\/en\\\/research-award-professor-doutor-augusto-silva-dias\\\/3rd-research-award-professor-doutor-augusto-silva-dia\\\/#primaryimage\"},\"image\":{\"@id\":\"https:\\\/\\\/www.idpcc.pt\\\/en\\\/research-award-professor-doutor-augusto-silva-dias\\\/3rd-research-award-professor-doutor-augusto-silva-dia\\\/#primaryimage\"},\"thumbnailUrl\":\"https:\\\/\\\/www.idpcc.pt\\\/wp-content\\\/uploads\\\/2021\\\/05\\\/Post_I-Edicao-Premio-Investigacao-2021-03.png\",\"datePublished\":\"2026-04-01T14:52:55+00:00\",\"dateModified\":\"2026-04-01T15:39:14+00:00\",\"breadcrumb\":{\"@id\":\"https:\\\/\\\/www.idpcc.pt\\\/en\\\/research-award-professor-doutor-augusto-silva-dias\\\/3rd-research-award-professor-doutor-augusto-silva-dia\\\/#breadcrumb\"},\"inLanguage\":\"en-US\",\"potentialAction\":[{\"@type\":\"ReadAction\",\"target\":[\"https:\\\/\\\/www.idpcc.pt\\\/en\\\/research-award-professor-doutor-augusto-silva-dias\\\/3rd-research-award-professor-doutor-augusto-silva-dia\\\/\"]}]},{\"@type\":\"ImageObject\",\"inLanguage\":\"en-US\",\"@id\":\"https:\\\/\\\/www.idpcc.pt\\\/en\\\/research-award-professor-doutor-augusto-silva-dias\\\/3rd-research-award-professor-doutor-augusto-silva-dia\\\/#primaryimage\",\"url\":\"https:\\\/\\\/www.idpcc.pt\\\/wp-content\\\/uploads\\\/2021\\\/05\\\/Post_I-Edicao-Premio-Investigacao-2021-03.png\",\"contentUrl\":\"https:\\\/\\\/www.idpcc.pt\\\/wp-content\\\/uploads\\\/2021\\\/05\\\/Post_I-Edicao-Premio-Investigacao-2021-03.png\",\"width\":1080,\"height\":1080},{\"@type\":\"BreadcrumbList\",\"@id\":\"https:\\\/\\\/www.idpcc.pt\\\/en\\\/research-award-professor-doutor-augusto-silva-dias\\\/3rd-research-award-professor-doutor-augusto-silva-dia\\\/#breadcrumb\",\"itemListElement\":[{\"@type\":\"ListItem\",\"position\":1,\"name\":\"In\u00edcio\",\"item\":\"https:\\\/\\\/www.idpcc.pt\\\/en\\\/\"},{\"@type\":\"ListItem\",\"position\":2,\"name\":\"Research Award Professor Doutor Augusto Silva Dias\",\"item\":\"https:\\\/\\\/www.idpcc.pt\\\/en\\\/research-award-professor-doutor-augusto-silva-dias\\\/\"},{\"@type\":\"ListItem\",\"position\":3,\"name\":\"3rd edition 2026\"}]},{\"@type\":\"WebSite\",\"@id\":\"https:\\\/\\\/www.idpcc.pt\\\/#website\",\"url\":\"https:\\\/\\\/www.idpcc.pt\\\/\",\"name\":\"IDPCC\",\"description\":\"Instituto de Direito Penal e Ci\u00eancias Criminais\",\"publisher\":{\"@id\":\"https:\\\/\\\/www.idpcc.pt\\\/#organization\"},\"potentialAction\":[{\"@type\":\"SearchAction\",\"target\":{\"@type\":\"EntryPoint\",\"urlTemplate\":\"https:\\\/\\\/www.idpcc.pt\\\/?s={search_term_string}\"},\"query-input\":{\"@type\":\"PropertyValueSpecification\",\"valueRequired\":true,\"valueName\":\"search_term_string\"}}],\"inLanguage\":\"en-US\"},{\"@type\":\"Organization\",\"@id\":\"https:\\\/\\\/www.idpcc.pt\\\/#organization\",\"name\":\"IDPCC\",\"url\":\"https:\\\/\\\/www.idpcc.pt\\\/\",\"logo\":{\"@type\":\"ImageObject\",\"inLanguage\":\"en-US\",\"@id\":\"https:\\\/\\\/www.idpcc.pt\\\/#\\\/schema\\\/logo\\\/image\\\/\",\"url\":\"https:\\\/\\\/www.idpcc.pt\\\/wp-content\\\/uploads\\\/2020\\\/05\\\/idpcc-logo.jpg\",\"contentUrl\":\"https:\\\/\\\/www.idpcc.pt\\\/wp-content\\\/uploads\\\/2020\\\/05\\\/idpcc-logo.jpg\",\"width\":167,\"height\":88,\"caption\":\"IDPCC\"},\"image\":{\"@id\":\"https:\\\/\\\/www.idpcc.pt\\\/#\\\/schema\\\/logo\\\/image\\\/\"}}]}<\/script>\n<!-- \/ Yoast SEO plugin. -->","yoast_head_json":{"title":"3rd edition 2026 - IDPCC","robots":{"index":"index","follow":"follow","max-snippet":"max-snippet:-1","max-image-preview":"max-image-preview:large","max-video-preview":"max-video-preview:-1"},"canonical":"https:\/\/www.idpcc.pt\/en\/research-award-professor-doutor-augusto-silva-dias\/3rd-research-award-professor-doutor-augusto-silva-dia\/","og_locale":"en_US","og_type":"article","og_title":"3rd edition 2026 - IDPCC","og_description":"The Research Award Professor Augusto Silva Dias (PIASD) is instituted by the Institute of Criminal Law and Criminal Sciences (IDPCC) and by the Criminal Law and Criminal Sciences Research Center (CIDPCC), both affiliated to the University of Lisbon School of Law, in partnership with the Academic Association of the Faculty of Law of Lisbon (AAFDL), [&hellip;]","og_url":"https:\/\/www.idpcc.pt\/en\/research-award-professor-doutor-augusto-silva-dias\/3rd-research-award-professor-doutor-augusto-silva-dia\/","og_site_name":"IDPCC","article_modified_time":"2026-04-01T15:39:14+00:00","og_image":[{"width":1080,"height":1080,"url":"https:\/\/www.idpcc.pt\/wp-content\/uploads\/2021\/05\/Post_I-Edicao-Premio-Investigacao-2021-03.png","type":"image\/png"}],"twitter_card":"summary_large_image","schema":{"@context":"https:\/\/schema.org","@graph":[{"@type":"WebPage","@id":"https:\/\/www.idpcc.pt\/en\/research-award-professor-doutor-augusto-silva-dias\/3rd-research-award-professor-doutor-augusto-silva-dia\/","url":"https:\/\/www.idpcc.pt\/en\/research-award-professor-doutor-augusto-silva-dias\/3rd-research-award-professor-doutor-augusto-silva-dia\/","name":"3rd edition 2026 - IDPCC","isPartOf":{"@id":"https:\/\/www.idpcc.pt\/#website"},"primaryImageOfPage":{"@id":"https:\/\/www.idpcc.pt\/en\/research-award-professor-doutor-augusto-silva-dias\/3rd-research-award-professor-doutor-augusto-silva-dia\/#primaryimage"},"image":{"@id":"https:\/\/www.idpcc.pt\/en\/research-award-professor-doutor-augusto-silva-dias\/3rd-research-award-professor-doutor-augusto-silva-dia\/#primaryimage"},"thumbnailUrl":"https:\/\/www.idpcc.pt\/wp-content\/uploads\/2021\/05\/Post_I-Edicao-Premio-Investigacao-2021-03.png","datePublished":"2026-04-01T14:52:55+00:00","dateModified":"2026-04-01T15:39:14+00:00","breadcrumb":{"@id":"https:\/\/www.idpcc.pt\/en\/research-award-professor-doutor-augusto-silva-dias\/3rd-research-award-professor-doutor-augusto-silva-dia\/#breadcrumb"},"inLanguage":"en-US","potentialAction":[{"@type":"ReadAction","target":["https:\/\/www.idpcc.pt\/en\/research-award-professor-doutor-augusto-silva-dias\/3rd-research-award-professor-doutor-augusto-silva-dia\/"]}]},{"@type":"ImageObject","inLanguage":"en-US","@id":"https:\/\/www.idpcc.pt\/en\/research-award-professor-doutor-augusto-silva-dias\/3rd-research-award-professor-doutor-augusto-silva-dia\/#primaryimage","url":"https:\/\/www.idpcc.pt\/wp-content\/uploads\/2021\/05\/Post_I-Edicao-Premio-Investigacao-2021-03.png","contentUrl":"https:\/\/www.idpcc.pt\/wp-content\/uploads\/2021\/05\/Post_I-Edicao-Premio-Investigacao-2021-03.png","width":1080,"height":1080},{"@type":"BreadcrumbList","@id":"https:\/\/www.idpcc.pt\/en\/research-award-professor-doutor-augusto-silva-dias\/3rd-research-award-professor-doutor-augusto-silva-dia\/#breadcrumb","itemListElement":[{"@type":"ListItem","position":1,"name":"In\u00edcio","item":"https:\/\/www.idpcc.pt\/en\/"},{"@type":"ListItem","position":2,"name":"Research Award Professor Doutor Augusto Silva Dias","item":"https:\/\/www.idpcc.pt\/en\/research-award-professor-doutor-augusto-silva-dias\/"},{"@type":"ListItem","position":3,"name":"3rd edition 2026"}]},{"@type":"WebSite","@id":"https:\/\/www.idpcc.pt\/#website","url":"https:\/\/www.idpcc.pt\/","name":"IDPCC","description":"Instituto de Direito Penal e Ci\u00eancias Criminais","publisher":{"@id":"https:\/\/www.idpcc.pt\/#organization"},"potentialAction":[{"@type":"SearchAction","target":{"@type":"EntryPoint","urlTemplate":"https:\/\/www.idpcc.pt\/?s={search_term_string}"},"query-input":{"@type":"PropertyValueSpecification","valueRequired":true,"valueName":"search_term_string"}}],"inLanguage":"en-US"},{"@type":"Organization","@id":"https:\/\/www.idpcc.pt\/#organization","name":"IDPCC","url":"https:\/\/www.idpcc.pt\/","logo":{"@type":"ImageObject","inLanguage":"en-US","@id":"https:\/\/www.idpcc.pt\/#\/schema\/logo\/image\/","url":"https:\/\/www.idpcc.pt\/wp-content\/uploads\/2020\/05\/idpcc-logo.jpg","contentUrl":"https:\/\/www.idpcc.pt\/wp-content\/uploads\/2020\/05\/idpcc-logo.jpg","width":167,"height":88,"caption":"IDPCC"},"image":{"@id":"https:\/\/www.idpcc.pt\/#\/schema\/logo\/image\/"}}]}},"_links":{"self":[{"href":"https:\/\/www.idpcc.pt\/en\/wp-json\/wp\/v2\/pages\/6663","targetHints":{"allow":["GET"]}}],"collection":[{"href":"https:\/\/www.idpcc.pt\/en\/wp-json\/wp\/v2\/pages"}],"about":[{"href":"https:\/\/www.idpcc.pt\/en\/wp-json\/wp\/v2\/types\/page"}],"author":[{"embeddable":true,"href":"https:\/\/www.idpcc.pt\/en\/wp-json\/wp\/v2\/users\/2"}],"replies":[{"embeddable":true,"href":"https:\/\/www.idpcc.pt\/en\/wp-json\/wp\/v2\/comments?post=6663"}],"version-history":[{"count":3,"href":"https:\/\/www.idpcc.pt\/en\/wp-json\/wp\/v2\/pages\/6663\/revisions"}],"predecessor-version":[{"id":6676,"href":"https:\/\/www.idpcc.pt\/en\/wp-json\/wp\/v2\/pages\/6663\/revisions\/6676"}],"up":[{"embeddable":true,"href":"https:\/\/www.idpcc.pt\/en\/wp-json\/wp\/v2\/pages\/2812"}],"wp:featuredmedia":[{"embeddable":true,"href":"https:\/\/www.idpcc.pt\/en\/wp-json\/wp\/v2\/media\/3482"}],"wp:attachment":[{"href":"https:\/\/www.idpcc.pt\/en\/wp-json\/wp\/v2\/media?parent=6663"}],"curies":[{"name":"wp","href":"https:\/\/api.w.org\/{rel}","templated":true}]}}